{"id":187,"date":"2021-01-21T15:41:21","date_gmt":"2021-01-21T15:41:21","guid":{"rendered":"https:\/\/shtheme.org\/demosd\/indusza\/?page_id=187"},"modified":"2022-07-29T12:29:31","modified_gmt":"2022-07-29T12:29:31","slug":"bize-ulasin","status":"publish","type":"page","link":"https:\/\/ulukayadegirmen.com.tr\/en\/bize-ulasin\/","title":{"rendered":"Contact Us"},"content":{"rendered":"<div data-elementor-type=\"wp-page\" data-elementor-id=\"187\" class=\"elementor elementor-187\" data-elementor-settings=\"[]\">\n\t\t\t\t\t\t\t<div class=\"elementor-section-wrap\">\n\t\t\t\t\t\t\t<section class=\"elementor-section elementor-top-section elementor-element elementor-element-fd41387 elementor-section-full_width elementor-section-height-default elementor-section-height-default\" data-id=\"fd41387\" data-element_type=\"section\">\n\t\t\t\t\t\t<div class=\"elementor-container elementor-column-gap-no\">\n\t\t\t\t\t<div class=\"elementor-column elementor-col-100 elementor-top-column elementor-element elementor-element-401f30e\" data-id=\"401f30e\" data-element_type=\"column\">\n\t\t\t<div class=\"elementor-widget-wrap elementor-element-populated\">\n\t\t\t\t\t\t\t\t<div class=\"elementor-element elementor-element-ae22562 elementor-align-left elementor-widget elementor-widget-page-header\" data-id=\"ae22562\" data-element_type=\"widget\" data-widget_type=\"page-header.default\">\n\t\t\t\t<div class=\"elementor-widget-container\">\n\t\t\t\r\n\t\t\t\t<div class=\"wt-bnr-inr overlay-wraper bg-center\" style=\"background-image:url(https:\/\/ulukayadegirmen.com.tr\/wp-content\/uploads\/2022\/07\/ulukaya-degirmen-arkaplan.jpg);\">\r\n\t\t\t\t\t<div class=\"overlay-main site-bg-black opacity-06\"><\/div>\r\n\t\t\t<div class=\"container\">\r\n\t\t\t\t<div class=\"wt-bnr-inr-entry\">\r\n\t\t\t\t\t\t\t\t\t\t<div class=\"banner-title-outer\">\r\n\t\t\t\t\t\t<div class=\"banner-title-name\">\r\n\t\t\t\t\t\t\t<h2 class=\"wt-title\">Contact Us<\/h2>\r\n\t\t\t\t\t\t<\/div>\r\n\t\t\t\t\t<\/div>\r\n\t\t\t\t\t\t\t\t\t\t<!-- BREADCRUMB ROW -->  \r\n\t\t\t\t\t<div>\r\n\t\t\t\t\t\t<ul class=\"wt-breadcrumb breadcrumb-style-2\">\r\n\t\t\t\t\t\t\t\t\t\t\t\t\t\t<li><a href=\"https:\/\/ulukayadegirmen.com.tr\/en\/\">Home<\/a><\/li>\r\n\t\t\t\t\t\t\t\t\t\t\t\t\t\t\t\t\t\t\t\t\t<li>Contact Us<\/li>\r\n\t\t\t\t\t\t\t\t\t\t\t\t\t<\/ul>\r\n\t\t\t\t\t<\/div>\r\n\t\t\t\t\t<!-- BREADCRUMB ROW END -->\r\n\t\t\t\t<\/div>\r\n\t\t\t<\/div>\r\n\t\t<\/div>\r\n\r\n\t\t\t<\/div>\n\t\t\t\t<\/div>\n\t\t\t\t\t<\/div>\n\t\t<\/div>\n\t\t\t\t\t\t\t<\/div>\n\t\t<\/section>\n\t\t\t\t<section class=\"elementor-section elementor-top-section elementor-element elementor-element-fb55a27 elementor-section-full_width elementor-section-height-default elementor-section-height-default\" data-id=\"fb55a27\" data-element_type=\"section\">\n\t\t\t\t\t\t<div class=\"elementor-container elementor-column-gap-no\">\n\t\t\t\t\t<div class=\"elementor-column elementor-col-100 elementor-top-column elementor-element elementor-element-8540ed7\" data-id=\"8540ed7\" data-element_type=\"column\">\n\t\t\t<div class=\"elementor-widget-wrap elementor-element-populated\">\n\t\t\t\t\t\t\t\t<div class=\"elementor-element elementor-element-1e0850c elementor-align-left elementor-widget elementor-widget-page-contact\" data-id=\"1e0850c\" data-element_type=\"widget\" data-widget_type=\"page-contact.default\">\n\t\t\t\t<div class=\"elementor-widget-container\">\n\t\t\t\r\n\t\t<!-- CONTACT FORM -->\r\n\t\t<div class=\"section-full  p-t120 p-b120\">   \r\n\t\t\t<div class=\"section-content\">\r\n\t\t\t\t<div class=\"container\">\r\n\t\t\t\t\t<div class=\"contact-one\">\r\n\t\t\t\t\t\t<!-- CONTACT FORM-->\r\n\t\t\t\t\t\t<div class=\"row no-gutters d-flex justify-content-center flex-wrap align-items-center\">\r\n\r\n\t\t\t\t\t\t\t<div class=\"col-lg-7 col-md-12\">\r\n\t\t\t\t\t\t\t\t\t\t\t\t\t\t\t\t<div class=\"contact-form-outer site-bg-gray\">\r\n\t\t\t\t\t\t\t\t\t<div role=\"form\" class=\"wpcf7\" id=\"wpcf7-f8-o1\" lang=\"tr-TR\" dir=\"ltr\">\n<div class=\"screen-reader-response\"><p role=\"status\" aria-live=\"polite\" aria-atomic=\"true\"><\/p> <ul><\/ul><\/div>\n<form action=\"\/en\/wp-json\/wp\/v2\/pages\/187#wpcf7-f8-o1\" method=\"post\" class=\"wpcf7-form init\" novalidate=\"novalidate\" data-status=\"init\" data-trp-original-action=\"\/en\/wp-json\/wp\/v2\/pages\/187#wpcf7-f8-o1\">\n<div style=\"display: none;\">\n<input type=\"hidden\" name=\"_wpcf7\" value=\"8\" \/>\n<input type=\"hidden\" name=\"_wpcf7_version\" value=\"5.5.6.1\" \/>\n<input type=\"hidden\" name=\"_wpcf7_locale\" value=\"tr_TR\" \/>\n<input type=\"hidden\" name=\"_wpcf7_unit_tag\" value=\"wpcf7-f8-o1\" \/>\n<input type=\"hidden\" name=\"_wpcf7_container_post\" value=\"0\" \/>\n<input type=\"hidden\" name=\"_wpcf7_posted_data_hash\" value=\"\" \/>\n<\/div>\n<div class=\"cons-contact-form\">\n<div class=\"section-head left wt-small-separator-outer\">\n<h3 class=\"wt-title m-b30\">Akl\u0131n\u0131za Tak\u0131lan Sorular M\u0131 Var?<\/h3>\n<\/div>\n<div class=\"row\">\n<div class=\"col-lg-12 col-md-12\">\n<div class=\"form-group\">\n\t\t\t\t<span class=\"wpcf7-form-control-wrap your-name\"><input type=\"text\" name=\"your-name\" value=\"\" size=\"40\" class=\"wpcf7-form-control wpcf7-text form-control\" aria-invalid=\"false\" placeholder=\"Ad\u0131n\u0131z &amp; Soyad\u0131n\u0131z\" \/><\/span>\n\t\t\t<\/div>\n<\/div>\n<div class=\"col-lg-6 col-md-12\">\n<div class=\"form-group\">\n\t\t\t\t<span class=\"wpcf7-form-control-wrap your-email\"><input type=\"email\" name=\"your-email\" value=\"\" size=\"40\" class=\"wpcf7-form-control wpcf7-text wpcf7-email wpcf7-validates-as-required wpcf7-validates-as-email form-control\" aria-required=\"true\" aria-invalid=\"false\" placeholder=\"E-Posta\" \/><\/span>\n\t\t\t<\/div>\n<\/div>\n<div class=\"col-lg-6 col-md-12\">\n<div class=\"form-group\">\n\t\t\t\t<span class=\"wpcf7-form-control-wrap your-phone\"><input type=\"text\" name=\"your-phone\" value=\"\" size=\"40\" class=\"wpcf7-form-control wpcf7-text form-control\" aria-invalid=\"false\" placeholder=\"Telefon\" \/><\/span>\n\t\t\t<\/div>\n<\/div>\n<div class=\"col-lg-12 col-md-12\">\n<div class=\"form-group\">\n\t\t\t\t<span class=\"wpcf7-form-control-wrap your-subject\"><input type=\"text\" name=\"your-subject\" value=\"\" size=\"40\" class=\"wpcf7-form-control wpcf7-text form-control\" aria-invalid=\"false\" placeholder=\"Konu\" \/><\/span>\n\t\t\t<\/div>\n<\/div>\n<div class=\"col-lg-12\">\n<div class=\"form-group\">\n\t\t\t\t<span class=\"wpcf7-form-control-wrap your-message\"><textarea name=\"your-message\" cols=\"40\" rows=\"10\" class=\"wpcf7-form-control wpcf7-textarea form-control\" aria-invalid=\"false\" placeholder=\"Mesaj\u0131n\u0131z\"><\/textarea><\/span>\n\t\t\t<\/div>\n<\/div>\n<div class=\"col-md-12\">\n\t\t\t<input type=\"submit\" value=\"G\u00f6nder\" class=\"wpcf7-form-control has-spinner wpcf7-submit site-button sb-bdr-dark\" \/>\n\t\t<\/div>\n<\/div>\n<\/div>\n<div class=\"wpcf7-response-output\" aria-hidden=\"true\"><\/div><input type=\"hidden\" name=\"trp-form-language\" value=\"en\"\/><\/form><\/div>\t\t\t\t\t\t\t\t<\/div>\r\n\t\t\t\t\t\t\t\t\t\t\t\t\t\t\t<\/div> \r\n\r\n\t\t\t\t\t\t\t<div class=\"col-lg-5 col-md-12\">\r\n\t\t\t\t\t\t\t\t\t\t\t\t\t\t\t\t<div class=\"contact-info site-bg-black\" style=\"background-image: url(https:\/\/shtheme.org\/demosd\/indusza\/wp-content\/uploads\/2021\/04\/footer-map.png);\">\r\n\t\t\t\t\t\t\t\t\t\t\t\t\t\t\t\t\t\t\t\t\t\t\t\t\t<div class=\"section-head left wt-small-separator-outer when-bg-dark\">\r\n\t\t\t\t\t\t\t\t\t\t<h3 class=\"wt-title\">\u0130leti\u015fim Bilgilerimiz<\/h3>\r\n\t\t\t\t\t\t\t\t\t<\/div>\r\n\t\t\t\t\t\t\t\t\t\r\n\t\t\t\t\t\t\t\t\t<div class=\"contact-info-section\">  \r\n\r\n\t\t\t\t\t\t\t\t\t\t\t\t\t\t\t\t\t\t\t\t<div class=\"c-info-column\">\r\n\t\t\t\t\t\t\t\t\t\t\t\t\t\t\t\t\t\t\t\t\t\t<span class=\"m-t0\">Adres<\/span>\r\n\t\t\t\t\t\t\t\t\t\t\t\t\t\t\t\t\t\t\t\t\t\t\t\t\t\t\t\t\t\t\t\t\t<p>Fevzi \u00c7akmak Mh. S\u0131la Cd. \u0130msan Sanayi Sitesi 10756 Sokak No:1\/D Karatay - KONYA<\/p>\r\n\t\t\t\t\t\t\t\t\t\t\t\t\t\t\t\t\t\t\t\t\t<\/div>  \r\n\t\t\t\t\t\t\t\t\t\t\t\t\t\t\t\t\t\t\t\t<div class=\"c-info-column\">\r\n\t\t\t\t\t\t\t\t\t\t\t\t\t\t\t\t\t\t\t\t\t\t<span class=\"m-t0\">Telefon<\/span>\r\n\t\t\t\t\t\t\t\t\t\t\t\t\t\t\t\t\t\t\t\t\t\t\t\t\t\t\t\t\t\t\t\t\t<p>+90 (332) 342 3583 <br> +90 (533) 375 9353<\/p>\r\n\t\t\t\t\t\t\t\t\t\t\t\t\t\t\t\t\t\t\t\t\t<\/div>  \r\n\t\t\t\t\t\t\t\t\t\t\t\t\t\t\t\t\t\t\t\t<div class=\"c-info-column\">\r\n\t\t\t\t\t\t\t\t\t\t\t\t\t\t\t\t\t\t\t\t\t\t<span class=\"m-t0\">Fax<\/span>\r\n\t\t\t\t\t\t\t\t\t\t\t\t\t\t\t\t\t\t\t\t\t\t\t\t\t\t\t\t\t\t\t\t\t<p>+90 (332) 342 3584<\/p>\r\n\t\t\t\t\t\t\t\t\t\t\t\t\t\t\t\t\t\t\t\t\t<\/div>  \r\n\t\t\t\t\t\t\t\t\t\t\t\t\t\t\t\t\t\t\t\t<div class=\"c-info-column\">\r\n\t\t\t\t\t\t\t\t\t\t\t\t\t\t\t\t\t\t\t\t\t\t<span class=\"m-t0\">E-Posta<\/span>\r\n\t\t\t\t\t\t\t\t\t\t\t\t\t\t\t\t\t\t\t\t\t\t\t\t\t\t\t\t\t\t\t\t\t<p>bilgi@ulukayadegirmen.com<\/p>\r\n\t\t\t\t\t\t\t\t\t\t\t\t\t\t\t\t\t\t\t\t\t<\/div>  \r\n\t\t\t\t\t\t\t\t\t\t\r\n\t\t\t\t\t\t\t\t\t<\/div>\r\n\t\t\t\t\t\t\t\t<\/div>\r\n\t\t\t\t\t\t\t<\/div>\r\n\r\n\t\t\t\t\t\t<\/div>\r\n\t\t\t\t\t<\/div>\r\n\r\n\t\t\t\t<\/div>\r\n\t\t\t<\/div>\r\n\t\t<\/div>\r\n\r\n\t\t<!-- GOOGLE MAP -->\r\n\t\t<div class=\"section-full\">\r\n\t\t\t<div class=\"container\">   \r\n\t\t\t\t<div class=\"gmap-outline p-b120\">\r\n\t\t\t\t\t\t\t\t\t\t<iframe src=\"https:\/\/maps.google.com\/maps?q=Fevzi%20%C3%87akmak%20Mh.%20S%C4%B1la%20Cd.%20%C4%B0msan%20Sanayi%20Sitesi%2010756%20Sokak%20No:1\/D%20Karatay%20-%20KONYA&amp;t=&amp;z=13&amp;ie=UTF8&amp;iwloc=&amp;output=embed\" width=\"1110\" height=\"460\" frameborder=\"0\" style=\"border:0;\" allowfullscreen=\"\" aria-hidden=\"false\" tabindex=\"0\"><\/iframe>\r\n\t\t\t\t\t\t\t\t\t<\/div>\r\n\t\t\t<\/div>\r\n\t\t<\/div>      \r\n\r\n\t\t\t<\/div>\n\t\t\t\t<\/div>\n\t\t\t\t\t<\/div>\n\t\t<\/div>\n\t\t\t\t\t\t\t<\/div>\n\t\t<\/section>\n\t\t\t\t\t\t<\/div>\n\t\t\t\t\t<\/div>","protected":false},"excerpt":{"rendered":"<p>Bize Ula\u015f\u0131n Anasayfa Bize Ula\u015f\u0131n Akl\u0131n\u0131za Tak\u0131lan Sorular M\u0131 Var? \u0130leti\u015fim Bilgilerimiz Adres Fevzi \u00c7akmak Mh. S\u0131la Cd. \u0130msan Sanayi Sitesi 10756 Sokak No:1\/D Karatay &#8211; KONYA Telefon +90 (332) 342 3583 +90 (533) 375 9353 Fax +90 (332) 342 3584 E-Posta bilgi@ulukayadegirmen.com<\/p>","protected":false},"author":1,"featured_media":0,"parent":0,"menu_order":0,"comment_status":"closed","ping_status":"closed","template":"page-templates\/home.php","meta":{"inline_featured_image":false,"footnotes":""},"class_list":["post-187","page","type-page","status-publish","hentry"],"_links":{"self":[{"href":"https:\/\/ulukayadegirmen.com.tr\/en\/wp-json\/wp\/v2\/pages\/187","targetHints":{"allow":["GET"]}}],"collection":[{"href":"https:\/\/ulukayadegirmen.com.tr\/en\/wp-json\/wp\/v2\/pages"}],"about":[{"href":"https:\/\/ulukayadegirmen.com.tr\/en\/wp-json\/wp\/v2\/types\/page"}],"author":[{"embeddable":true,"href":"https:\/\/ulukayadegirmen.com.tr\/en\/wp-json\/wp\/v2\/users\/1"}],"replies":[{"embeddable":true,"href":"https:\/\/ulukayadegirmen.com.tr\/en\/wp-json\/wp\/v2\/comments?post=187"}],"version-history":[{"count":13,"href":"https:\/\/ulukayadegirmen.com.tr\/en\/wp-json\/wp\/v2\/pages\/187\/revisions"}],"predecessor-version":[{"id":1777,"href":"https:\/\/ulukayadegirmen.com.tr\/en\/wp-json\/wp\/v2\/pages\/187\/revisions\/1777"}],"wp:attachment":[{"href":"https:\/\/ulukayadegirmen.com.tr\/en\/wp-json\/wp\/v2\/media?parent=187"}],"curies":[{"name":"wp","href":"https:\/\/api.w.org\/{rel}","templated":true}]}}